{"id":17,"date":"2017-11-15T20:32:40","date_gmt":"2017-11-15T19:32:40","guid":{"rendered":"http:\/\/germanonlinelessons.net\/?page_id=17"},"modified":"2019-07-16T23:17:53","modified_gmt":"2019-07-16T21:17:53","slug":"nasi-nastavnici","status":"publish","type":"page","link":"https:\/\/germanonlinelessons.net\/rs\/nasi-nastavnici\/","title":{"rendered":"Na\u0161i nastavnici"},"content":{"rendered":"<blockquote><p><img loading=\"lazy\" decoding=\"async\" class=\" wp-image-18 alignleft\" src=\"http:\/\/germanonlinelessons.net\/wp-content\/uploads\/2017\/11\/check-1292819_960_720-300x300.png\" alt=\"\" width=\"133\" height=\"133\" srcset=\"https:\/\/germanonlinelessons.net\/rs\/wp-content\/uploads\/2017\/11\/check-1292819_960_720-300x300.png 300w, https:\/\/germanonlinelessons.net\/rs\/wp-content\/uploads\/2017\/11\/check-1292819_960_720-150x150.png 150w, https:\/\/germanonlinelessons.net\/rs\/wp-content\/uploads\/2017\/11\/check-1292819_960_720-103x103.png 103w, https:\/\/germanonlinelessons.net\/rs\/wp-content\/uploads\/2017\/11\/check-1292819_960_720-100x100.png 100w, https:\/\/germanonlinelessons.net\/rs\/wp-content\/uploads\/2017\/11\/check-1292819_960_720-385x385.png 385w, https:\/\/germanonlinelessons.net\/rs\/wp-content\/uploads\/2017\/11\/check-1292819_960_720-204x204.png 204w, https:\/\/germanonlinelessons.net\/rs\/wp-content\/uploads\/2017\/11\/check-1292819_960_720.png 720w\" sizes=\"(max-width: 133px) 100vw, 133px\" \/><\/p>\n<p style=\"text-align: justify;\">Na\u0161i nastavnici dva\/tri ili vi\u0161e jezika su zavr\u0161ili studije na presti\u017enim Univerzitetima i stekli odgovaraju\u0107a znanja.<\/p>\n<p style=\"text-align: justify;\">Svi na\u0161i nastavnici aktivno komuniciraju na engleskom i nema\u010dkom jeziku i poseduju odgovaraju\u0107e sertifikate.<\/p>\n<h3 style=\"text-align: center;\">Postanite nastavnik<\/h3>\n<p style=\"text-align: center;\">nemackiprekoskajpa@gmail.com<\/p>\n<p><a href=\"http:\/\/germanonlinelessons.net\/rs\/postanite-nastavnik\/\"><img loading=\"lazy\" decoding=\"async\" class=\"aligncenter wp-image-7\" src=\"http:\/\/germanonlinelessons.net\/wp-content\/uploads\/2017\/11\/Depositphotos_7723355_l_fa_rszd-300x200.jpg\" alt=\"\" width=\"581\" height=\"387\" srcset=\"https:\/\/germanonlinelessons.net\/rs\/wp-content\/uploads\/2017\/11\/Depositphotos_7723355_l_fa_rszd-300x200.jpg 300w, https:\/\/germanonlinelessons.net\/rs\/wp-content\/uploads\/2017\/11\/Depositphotos_7723355_l_fa_rszd-576x385.jpg 576w, https:\/\/germanonlinelessons.net\/rs\/wp-content\/uploads\/2017\/11\/Depositphotos_7723355_l_fa_rszd-285x190.jpg 285w, https:\/\/germanonlinelessons.net\/rs\/wp-content\/uploads\/2017\/11\/Depositphotos_7723355_l_fa_rszd.jpg 630w\" sizes=\"(max-width: 581px) 100vw, 581px\" \/><\/a><\/p><\/blockquote>\n","protected":false},"excerpt":{"rendered":"<p>Na\u0161i nastavnici dva\/tri ili vi\u0161e jezika su zavr\u0161ili studije na presti\u017enim Univerzitetima i stekli odgovaraju\u0107a znanja. Svi na\u0161i nastavnici aktivno komuniciraju na engleskom i nema\u010dkom jeziku i poseduju odgovaraju\u0107e sertifikate. Postanite nastavnik nemackiprekoskajpa@gmail.com<\/p>\n","protected":false},"author":1,"featured_media":0,"parent":0,"menu_order":0,"comment_status":"closed","ping_status":"closed","template":"","meta":{"footnotes":""},"yoast_head":"<!-- This site is optimized with the Yoast SEO plugin v22.2 - https:\/\/yoast.com\/wordpress\/plugins\/seo\/ -->\n<title>Na\u0161i nastavnici - Nemacki preko skype<\/title>\n<meta name=\"robots\" content=\"index, follow, max-snippet:-1, max-image-preview:large, max-video-preview:-1\" \/>\n<link rel=\"canonical\" href=\"https:\/\/germanonlinelessons.net\/rs\/nasi-nastavnici\/\" \/>\n<meta property=\"og:locale\" content=\"sr_RS\" \/>\n<meta property=\"og:type\" content=\"article\" \/>\n<meta property=\"og:title\" content=\"Na\u0161i nastavnici - Nemacki preko skype\" \/>\n<meta property=\"og:description\" content=\"Na\u0161i nastavnici dva\/tri ili vi\u0161e jezika su zavr\u0161ili studije na presti\u017enim Univerzitetima i stekli odgovaraju\u0107a znanja. Svi na\u0161i nastavnici aktivno komuniciraju na engleskom i nema\u010dkom jeziku i poseduju odgovaraju\u0107e sertifikate. Postanite nastavnik nemackiprekoskajpa@gmail.com\" \/>\n<meta property=\"og:url\" content=\"https:\/\/germanonlinelessons.net\/rs\/nasi-nastavnici\/\" \/>\n<meta property=\"og:site_name\" content=\"Nemacki preko skype\" \/>\n<meta property=\"article:modified_time\" content=\"2019-07-16T21:17:53+00:00\" \/>\n<meta property=\"og:image\" content=\"http:\/\/germanonlinelessons.net\/wp-content\/uploads\/2017\/11\/check-1292819_960_720-300x300.png\" \/>\n<meta name=\"twitter:card\" content=\"summary_large_image\" \/>\n<script type=\"application\/ld+json\" class=\"yoast-schema-graph\">{\"@context\":\"https:\/\/schema.org\",\"@graph\":[{\"@type\":\"WebPage\",\"@id\":\"https:\/\/germanonlinelessons.net\/rs\/nasi-nastavnici\/\",\"url\":\"https:\/\/germanonlinelessons.net\/rs\/nasi-nastavnici\/\",\"name\":\"Na\u0161i nastavnici - Nemacki preko skype\",\"isPartOf\":{\"@id\":\"https:\/\/germanonlinelessons.net\/rs\/#website\"},\"primaryImageOfPage\":{\"@id\":\"https:\/\/germanonlinelessons.net\/rs\/nasi-nastavnici\/#primaryimage\"},\"image\":{\"@id\":\"https:\/\/germanonlinelessons.net\/rs\/nasi-nastavnici\/#primaryimage\"},\"thumbnailUrl\":\"http:\/\/germanonlinelessons.net\/wp-content\/uploads\/2017\/11\/check-1292819_960_720-300x300.png\",\"datePublished\":\"2017-11-15T19:32:40+00:00\",\"dateModified\":\"2019-07-16T21:17:53+00:00\",\"breadcrumb\":{\"@id\":\"https:\/\/germanonlinelessons.net\/rs\/nasi-nastavnici\/#breadcrumb\"},\"inLanguage\":\"sr-RS\",\"potentialAction\":[{\"@type\":\"ReadAction\",\"target\":[\"https:\/\/germanonlinelessons.net\/rs\/nasi-nastavnici\/\"]}]},{\"@type\":\"ImageObject\",\"inLanguage\":\"sr-RS\",\"@id\":\"https:\/\/germanonlinelessons.net\/rs\/nasi-nastavnici\/#primaryimage\",\"url\":\"http:\/\/germanonlinelessons.net\/wp-content\/uploads\/2017\/11\/check-1292819_960_720-300x300.png\",\"contentUrl\":\"http:\/\/germanonlinelessons.net\/wp-content\/uploads\/2017\/11\/check-1292819_960_720-300x300.png\"},{\"@type\":\"BreadcrumbList\",\"@id\":\"https:\/\/germanonlinelessons.net\/rs\/nasi-nastavnici\/#breadcrumb\",\"itemListElement\":[{\"@type\":\"ListItem\",\"position\":1,\"name\":\"Home\",\"item\":\"https:\/\/germanonlinelessons.net\/rs\/\"},{\"@type\":\"ListItem\",\"position\":2,\"name\":\"Na\u0161i nastavnici\"}]},{\"@type\":\"WebSite\",\"@id\":\"https:\/\/germanonlinelessons.net\/rs\/#website\",\"url\":\"https:\/\/germanonlinelessons.net\/rs\/\",\"name\":\"Nemacki preko skype\",\"description\":\"casovi online\",\"potentialAction\":[{\"@type\":\"SearchAction\",\"target\":{\"@type\":\"EntryPoint\",\"urlTemplate\":\"https:\/\/germanonlinelessons.net\/rs\/?s={search_term_string}\"},\"query-input\":\"required name=search_term_string\"}],\"inLanguage\":\"sr-RS\"}]}<\/script>\n<!-- \/ Yoast SEO plugin. -->","yoast_head_json":{"title":"Na\u0161i nastavnici - Nemacki preko skype","robots":{"index":"index","follow":"follow","max-snippet":"max-snippet:-1","max-image-preview":"max-image-preview:large","max-video-preview":"max-video-preview:-1"},"canonical":"https:\/\/germanonlinelessons.net\/rs\/nasi-nastavnici\/","og_locale":"sr_RS","og_type":"article","og_title":"Na\u0161i nastavnici - Nemacki preko skype","og_description":"Na\u0161i nastavnici dva\/tri ili vi\u0161e jezika su zavr\u0161ili studije na presti\u017enim Univerzitetima i stekli odgovaraju\u0107a znanja. Svi na\u0161i nastavnici aktivno komuniciraju na engleskom i nema\u010dkom jeziku i poseduju odgovaraju\u0107e sertifikate. Postanite nastavnik nemackiprekoskajpa@gmail.com","og_url":"https:\/\/germanonlinelessons.net\/rs\/nasi-nastavnici\/","og_site_name":"Nemacki preko skype","article_modified_time":"2019-07-16T21:17:53+00:00","og_image":[{"url":"http:\/\/germanonlinelessons.net\/wp-content\/uploads\/2017\/11\/check-1292819_960_720-300x300.png"}],"twitter_card":"summary_large_image","schema":{"@context":"https:\/\/schema.org","@graph":[{"@type":"WebPage","@id":"https:\/\/germanonlinelessons.net\/rs\/nasi-nastavnici\/","url":"https:\/\/germanonlinelessons.net\/rs\/nasi-nastavnici\/","name":"Na\u0161i nastavnici - Nemacki preko skype","isPartOf":{"@id":"https:\/\/germanonlinelessons.net\/rs\/#website"},"primaryImageOfPage":{"@id":"https:\/\/germanonlinelessons.net\/rs\/nasi-nastavnici\/#primaryimage"},"image":{"@id":"https:\/\/germanonlinelessons.net\/rs\/nasi-nastavnici\/#primaryimage"},"thumbnailUrl":"http:\/\/germanonlinelessons.net\/wp-content\/uploads\/2017\/11\/check-1292819_960_720-300x300.png","datePublished":"2017-11-15T19:32:40+00:00","dateModified":"2019-07-16T21:17:53+00:00","breadcrumb":{"@id":"https:\/\/germanonlinelessons.net\/rs\/nasi-nastavnici\/#breadcrumb"},"inLanguage":"sr-RS","potentialAction":[{"@type":"ReadAction","target":["https:\/\/germanonlinelessons.net\/rs\/nasi-nastavnici\/"]}]},{"@type":"ImageObject","inLanguage":"sr-RS","@id":"https:\/\/germanonlinelessons.net\/rs\/nasi-nastavnici\/#primaryimage","url":"http:\/\/germanonlinelessons.net\/wp-content\/uploads\/2017\/11\/check-1292819_960_720-300x300.png","contentUrl":"http:\/\/germanonlinelessons.net\/wp-content\/uploads\/2017\/11\/check-1292819_960_720-300x300.png"},{"@type":"BreadcrumbList","@id":"https:\/\/germanonlinelessons.net\/rs\/nasi-nastavnici\/#breadcrumb","itemListElement":[{"@type":"ListItem","position":1,"name":"Home","item":"https:\/\/germanonlinelessons.net\/rs\/"},{"@type":"ListItem","position":2,"name":"Na\u0161i nastavnici"}]},{"@type":"WebSite","@id":"https:\/\/germanonlinelessons.net\/rs\/#website","url":"https:\/\/germanonlinelessons.net\/rs\/","name":"Nemacki preko skype","description":"casovi online","potentialAction":[{"@type":"SearchAction","target":{"@type":"EntryPoint","urlTemplate":"https:\/\/germanonlinelessons.net\/rs\/?s={search_term_string}"},"query-input":"required name=search_term_string"}],"inLanguage":"sr-RS"}]}},"_links":{"self":[{"href":"https:\/\/germanonlinelessons.net\/rs\/wp-json\/wp\/v2\/pages\/17"}],"collection":[{"href":"https:\/\/germanonlinelessons.net\/rs\/wp-json\/wp\/v2\/pages"}],"about":[{"href":"https:\/\/germanonlinelessons.net\/rs\/wp-json\/wp\/v2\/types\/page"}],"author":[{"embeddable":true,"href":"https:\/\/germanonlinelessons.net\/rs\/wp-json\/wp\/v2\/users\/1"}],"replies":[{"embeddable":true,"href":"https:\/\/germanonlinelessons.net\/rs\/wp-json\/wp\/v2\/comments?post=17"}],"version-history":[{"count":13,"href":"https:\/\/germanonlinelessons.net\/rs\/wp-json\/wp\/v2\/pages\/17\/revisions"}],"predecessor-version":[{"id":249,"href":"https:\/\/germanonlinelessons.net\/rs\/wp-json\/wp\/v2\/pages\/17\/revisions\/249"}],"wp:attachment":[{"href":"https:\/\/germanonlinelessons.net\/rs\/wp-json\/wp\/v2\/media?parent=17"}],"curies":[{"name":"wp","href":"https:\/\/api.w.org\/{rel}","templated":true}]}}