{"id":2,"date":"2017-11-15T10:28:16","date_gmt":"2017-11-15T09:28:16","guid":{"rendered":"http:\/\/germanonlinelessons.net\/?page_id=2"},"modified":"2024-11-17T19:32:59","modified_gmt":"2024-11-17T18:32:59","slug":"nemacki-preko-skajpa","status":"publish","type":"page","link":"https:\/\/germanonlinelessons.net\/rs\/","title":{"rendered":"Nema\u010dki preko Skajpa"},"content":{"rendered":"\n\t\t<!-- MasterSlider -->\n\t\t<div id=\"P_MS69f48656dbdfa\" class=\"master-slider-parent msl ms-parent-id-1\" style=\"max-width:945px;\">\n\n\t\t\t\n\t\t\t<!-- MasterSlider Main -->\n\t\t\t<div id=\"MS69f48656dbdfa\" class=\"master-slider ms-skin-light-6 round-skin\" >\n\t\t\t\t \t\t\t\t \n\t\t\t\t<div  class=\"ms-slide\" data-delay=\"3\" data-fill-mode=\"fill\"  >\n\t\t\t\t\t<img decoding=\"async\" src=\"https:\/\/germanonlinelessons.net\/rs\/wp-content\/plugins\/master-slider\/public\/assets\/css\/blank.gif\" alt=\"\" title=\"\" data-src=\"https:\/\/germanonlinelessons.net\/rs\/wp-content\/uploads\/2017\/11\/Learn-German.jpg\" \/>\n\n\n\t<div class=\"ms-thumb\" ><div class=\"ms-tab-context\"><div class=&quot;ms-tab-context&quot;><\/div><\/div>\n<\/div>\n\t\t\t\t<\/div>\n\t\t\t\t<div  class=\"ms-slide\" data-delay=\"3\" data-fill-mode=\"fill\"  >\n\t\t\t\t\t<img decoding=\"async\" src=\"https:\/\/germanonlinelessons.net\/rs\/wp-content\/plugins\/master-slider\/public\/assets\/css\/blank.gif\" alt=\"\" title=\"\" data-src=\"https:\/\/germanonlinelessons.net\/rs\/wp-content\/uploads\/2017\/11\/keep-calm-and-learn-german-1.png\" \/>\n\n\n\t<div class=\"ms-thumb\" ><div class=\"ms-tab-context\"><div class=&quot;ms-tab-context&quot;><\/div><\/div>\n<\/div>\n\t\t\t\t<\/div>\n\n\t\t\t<\/div>\n\t\t\t<!-- END MasterSlider Main -->\n\n\t\t\t \n\t\t<\/div>\n\t\t<!-- END MasterSlider -->\n\n\t\t<script>\n\t\t(function ( $ ) {\n\t\t\t\"use strict\";\n\n\t\t\t$(function () {\n\t\t\t\tvar masterslider_bdfa = new MasterSlider();\n\n\t\t\t\t\/\/ slider controls\n\t\t\t\tmasterslider_bdfa.control('arrows'     ,{ autohide:false, overVideo:true  });\n\t\t\t\tmasterslider_bdfa.control('scrollbar'  ,{ autohide:true, overVideo:true, dir:'h', inset:true, align:'top', color:'#404040' , margin:10  , width:4 });\n\t\t\t\t\/\/ slider setup\n\t\t\t\tmasterslider_bdfa.setup(\"MS69f48656dbdfa\", {\n\t\t\t\t\t\twidth           : 640,\n\t\t\t\t\t\theight          : 400,\n\t\t\t\t\t\tminHeight       : 0,\n\t\t\t\t\t\tspace           : 0,\n\t\t\t\t\t\tstart           : 1,\n\t\t\t\t\t\tgrabCursor      : true,\n\t\t\t\t\t\tswipe           : true,\n\t\t\t\t\t\tmouse           : true,\n\t\t\t\t\t\tlayout          : \"boxed\",\n\t\t\t\t\t\twheel           : false,\n\t\t\t\t\t\tautoplay        : true,\n\t\t\t\t\t\tinstantStartLayers:false,\n\t\t\t\t\t\tloop            : false,\n\t\t\t\t\t\tshuffle         : false,\n\t\t\t\t\t\tpreload         : 0,\n\t\t\t\t\t\theightLimit     : true,\n\t\t\t\t\t\tautoHeight      : false,\n\t\t\t\t\t\tsmoothHeight    : true,\n\t\t\t\t\t\tendPause        : false,\n\t\t\t\t\t\toverPause       : true,\n\t\t\t\t\t\tfillMode        : \"fill\",\n\t\t\t\t\t\tcenterControls  : false,\n\t\t\t\t\t\tstartOnAppear   : false,\n\t\t\t\t\t\tlayersMode      : \"center\",\n\t\t\t\t\t\thideLayers      : false,\n\t\t\t\t\t\tfullscreenMargin: 0,\n\t\t\t\t\t\tspeed           : 20,\n\t\t\t\t\t\tdir             : \"h\",\n\t\t\t\t\t\tparallaxMode    : 'swipe',\n\t\t\t\t\t\tview            : \"basic\"\n\t\t\t\t});\n\n\t\t\t\t\n\t\t\t\twindow.masterslider_instances = window.masterslider_instances || [];\n\t\t\t\twindow.masterslider_instances.push( masterslider_bdfa );\n\t\t\t });\n\n\t\t})(jQuery);\n\t\t<\/script>\n\n\n<h3 style=\"text-align: justify;\"><strong>Kursevi nema\u010dkog jezika online<\/strong><\/h3>\n<p><a href=\"http:\/\/germanonlinelessons.net\/how-it-works\/\"><img loading=\"lazy\" decoding=\"async\" class=\" wp-image-53 alignleft\" src=\"http:\/\/germanonlinelessons.net\/wp-content\/uploads\/2017\/11\/germany-652967_640-189x300.png\" alt=\"\" width=\"148\" height=\"235\" srcset=\"https:\/\/germanonlinelessons.net\/rs\/wp-content\/uploads\/2017\/11\/germany-652967_640-189x300.png 189w, https:\/\/germanonlinelessons.net\/rs\/wp-content\/uploads\/2017\/11\/germany-652967_640-243x385.png 243w, https:\/\/germanonlinelessons.net\/rs\/wp-content\/uploads\/2017\/11\/germany-652967_640-129x204.png 129w, https:\/\/germanonlinelessons.net\/rs\/wp-content\/uploads\/2017\/11\/germany-652967_640.png 404w\" sizes=\"(max-width: 148px) 100vw, 148px\" \/><\/a><\/p>\n<p style=\"text-align: justify;\">Nudimo individualne kurseve za sve nivoe od A1 do C1 kao i rad u malim grupama.<br \/>\nTako\u0111e postoji mogu\u0107nost za rad sa profesorima Nema\u010dkog jezika kojima je Nema\u010dki maternji jezik.<br \/>\nNastava se mo\u017ee slu\u0161ati svim danima, uklju\u010duju\u0107i i vikend a na\u0161e radno vreme je prilago\u0111eno va\u0161em slobodnom vremenu i va\u0161im mogu\u0107nostima u\u010denja jezika.<\/p>\n<p style=\"text-align: justify;\">Za nastavu, potrebno je da imate Skype nalog i stabilnu internet konekciju.<\/p>\n<h3><strong>Trajanje \u010dasova<\/strong><\/h3>\n<p style=\"text-align: justify;\">Iako su u okviru paketa svi \u010dasovi po sat vremena (60 min), mo\u017eemo se prilagoditi va\u0161im potrebama i odretiti trajanje \u010dasova kako Vama odgovara.<\/p>\n<h3>Online kursevi uklju\u010duju<\/h3>\n<ul>\n<li>Besplatno ulazno testiranje<\/li>\n<li>Besplatne ud\u017ebenike, audio i interaktivni materijal<\/li>\n<li>Besplatno periodi\u010dno i finalno testiranje uz izdavanje diplome.<\/li>\n<\/ul>\n","protected":false},"excerpt":{"rendered":"<p>Kursevi nema\u010dkog jezika online Nudimo individualne kurseve za sve nivoe od A1 do C1 kao i rad u malim grupama. Tako\u0111e postoji mogu\u0107nost za rad sa profesorima Nema\u010dkog jezika kojima je Nema\u010dki maternji jezik. Nastava se mo\u017ee slu\u0161ati svim danima, uklju\u010duju\u0107i i vikend a na\u0161e radno vreme je prilago\u0111eno va\u0161em slobodnom vremenu i va\u0161im mogu\u0107nostima [&hellip;]<\/p>\n","protected":false},"author":1,"featured_media":0,"parent":0,"menu_order":0,"comment_status":"closed","ping_status":"open","template":"","meta":{"footnotes":""},"yoast_head":"<!-- This site is optimized with the Yoast SEO plugin v22.2 - https:\/\/yoast.com\/wordpress\/plugins\/seo\/ -->\n<title>Nema\u010dki preko Skajpa - Nemacki preko Skype<\/title>\n<meta name=\"description\" content=\"Individualni kursevi za sve nivoe od A1 do C1 kao i rad u malim grupama. Tako\u0111e postoji mogu\u0107nost za rad sa profesorima Nema\u010dkog jezika.\" \/>\n<meta name=\"robots\" content=\"index, follow, max-snippet:-1, max-image-preview:large, max-video-preview:-1\" \/>\n<link rel=\"canonical\" href=\"https:\/\/germanonlinelessons.net\/rs\/\" \/>\n<meta property=\"og:locale\" content=\"sr_RS\" \/>\n<meta property=\"og:type\" content=\"article\" \/>\n<meta property=\"og:title\" content=\"Nema\u010dki preko Skajpa - Nemacki preko Skype\" \/>\n<meta property=\"og:description\" content=\"Individualni kursevi za sve nivoe od A1 do C1 kao i rad u malim grupama. Tako\u0111e postoji mogu\u0107nost za rad sa profesorima Nema\u010dkog jezika.\" \/>\n<meta property=\"og:url\" content=\"https:\/\/germanonlinelessons.net\/rs\/\" \/>\n<meta property=\"og:site_name\" content=\"Nemacki preko skype\" \/>\n<meta property=\"article:modified_time\" content=\"2024-11-17T18:32:59+00:00\" \/>\n<meta property=\"og:image\" content=\"http:\/\/germanonlinelessons.net\/wp-content\/uploads\/2017\/11\/germany-652967_640-189x300.png\" \/>\n<meta name=\"twitter:card\" content=\"summary_large_image\" \/>\n<meta name=\"twitter:label1\" content=\"Procenjeno vreme \u010ditanja\" \/>\n\t<meta name=\"twitter:data1\" content=\"1 minut\" \/>\n<script type=\"application\/ld+json\" class=\"yoast-schema-graph\">{\"@context\":\"https:\/\/schema.org\",\"@graph\":[{\"@type\":\"WebPage\",\"@id\":\"https:\/\/germanonlinelessons.net\/rs\/\",\"url\":\"https:\/\/germanonlinelessons.net\/rs\/\",\"name\":\"Nema\u010dki preko Skajpa - Nemacki preko Skype\",\"isPartOf\":{\"@id\":\"https:\/\/germanonlinelessons.net\/rs\/#website\"},\"primaryImageOfPage\":{\"@id\":\"https:\/\/germanonlinelessons.net\/rs\/#primaryimage\"},\"image\":{\"@id\":\"https:\/\/germanonlinelessons.net\/rs\/#primaryimage\"},\"thumbnailUrl\":\"http:\/\/germanonlinelessons.net\/wp-content\/uploads\/2017\/11\/germany-652967_640-189x300.png\",\"datePublished\":\"2017-11-15T09:28:16+00:00\",\"dateModified\":\"2024-11-17T18:32:59+00:00\",\"description\":\"Individualni kursevi za sve nivoe od A1 do C1 kao i rad u malim grupama. Tako\u0111e postoji mogu\u0107nost za rad sa profesorima Nema\u010dkog jezika.\",\"breadcrumb\":{\"@id\":\"https:\/\/germanonlinelessons.net\/rs\/#breadcrumb\"},\"inLanguage\":\"sr-RS\",\"potentialAction\":[{\"@type\":\"ReadAction\",\"target\":[\"https:\/\/germanonlinelessons.net\/rs\/\"]}]},{\"@type\":\"ImageObject\",\"inLanguage\":\"sr-RS\",\"@id\":\"https:\/\/germanonlinelessons.net\/rs\/#primaryimage\",\"url\":\"http:\/\/germanonlinelessons.net\/wp-content\/uploads\/2017\/11\/germany-652967_640-189x300.png\",\"contentUrl\":\"http:\/\/germanonlinelessons.net\/wp-content\/uploads\/2017\/11\/germany-652967_640-189x300.png\"},{\"@type\":\"BreadcrumbList\",\"@id\":\"https:\/\/germanonlinelessons.net\/rs\/#breadcrumb\",\"itemListElement\":[{\"@type\":\"ListItem\",\"position\":1,\"name\":\"Home\",\"item\":\"https:\/\/germanonlinelessons.net\/rs\/\"},{\"@type\":\"ListItem\",\"position\":2,\"name\":\"Nema\u010dki preko Skajpa\"}]},{\"@type\":\"WebSite\",\"@id\":\"https:\/\/germanonlinelessons.net\/rs\/#website\",\"url\":\"https:\/\/germanonlinelessons.net\/rs\/\",\"name\":\"Nemacki preko skype\",\"description\":\"casovi online\",\"potentialAction\":[{\"@type\":\"SearchAction\",\"target\":{\"@type\":\"EntryPoint\",\"urlTemplate\":\"https:\/\/germanonlinelessons.net\/rs\/?s={search_term_string}\"},\"query-input\":\"required name=search_term_string\"}],\"inLanguage\":\"sr-RS\"}]}<\/script>\n<!-- \/ Yoast SEO plugin. -->","yoast_head_json":{"title":"Nema\u010dki preko Skajpa - Nemacki preko Skype","description":"Individualni kursevi za sve nivoe od A1 do C1 kao i rad u malim grupama. Tako\u0111e postoji mogu\u0107nost za rad sa profesorima Nema\u010dkog jezika.","robots":{"index":"index","follow":"follow","max-snippet":"max-snippet:-1","max-image-preview":"max-image-preview:large","max-video-preview":"max-video-preview:-1"},"canonical":"https:\/\/germanonlinelessons.net\/rs\/","og_locale":"sr_RS","og_type":"article","og_title":"Nema\u010dki preko Skajpa - Nemacki preko Skype","og_description":"Individualni kursevi za sve nivoe od A1 do C1 kao i rad u malim grupama. Tako\u0111e postoji mogu\u0107nost za rad sa profesorima Nema\u010dkog jezika.","og_url":"https:\/\/germanonlinelessons.net\/rs\/","og_site_name":"Nemacki preko skype","article_modified_time":"2024-11-17T18:32:59+00:00","og_image":[{"url":"http:\/\/germanonlinelessons.net\/wp-content\/uploads\/2017\/11\/germany-652967_640-189x300.png"}],"twitter_card":"summary_large_image","twitter_misc":{"Procenjeno vreme \u010ditanja":"1 minut"},"schema":{"@context":"https:\/\/schema.org","@graph":[{"@type":"WebPage","@id":"https:\/\/germanonlinelessons.net\/rs\/","url":"https:\/\/germanonlinelessons.net\/rs\/","name":"Nema\u010dki preko Skajpa - Nemacki preko Skype","isPartOf":{"@id":"https:\/\/germanonlinelessons.net\/rs\/#website"},"primaryImageOfPage":{"@id":"https:\/\/germanonlinelessons.net\/rs\/#primaryimage"},"image":{"@id":"https:\/\/germanonlinelessons.net\/rs\/#primaryimage"},"thumbnailUrl":"http:\/\/germanonlinelessons.net\/wp-content\/uploads\/2017\/11\/germany-652967_640-189x300.png","datePublished":"2017-11-15T09:28:16+00:00","dateModified":"2024-11-17T18:32:59+00:00","description":"Individualni kursevi za sve nivoe od A1 do C1 kao i rad u malim grupama. Tako\u0111e postoji mogu\u0107nost za rad sa profesorima Nema\u010dkog jezika.","breadcrumb":{"@id":"https:\/\/germanonlinelessons.net\/rs\/#breadcrumb"},"inLanguage":"sr-RS","potentialAction":[{"@type":"ReadAction","target":["https:\/\/germanonlinelessons.net\/rs\/"]}]},{"@type":"ImageObject","inLanguage":"sr-RS","@id":"https:\/\/germanonlinelessons.net\/rs\/#primaryimage","url":"http:\/\/germanonlinelessons.net\/wp-content\/uploads\/2017\/11\/germany-652967_640-189x300.png","contentUrl":"http:\/\/germanonlinelessons.net\/wp-content\/uploads\/2017\/11\/germany-652967_640-189x300.png"},{"@type":"BreadcrumbList","@id":"https:\/\/germanonlinelessons.net\/rs\/#breadcrumb","itemListElement":[{"@type":"ListItem","position":1,"name":"Home","item":"https:\/\/germanonlinelessons.net\/rs\/"},{"@type":"ListItem","position":2,"name":"Nema\u010dki preko Skajpa"}]},{"@type":"WebSite","@id":"https:\/\/germanonlinelessons.net\/rs\/#website","url":"https:\/\/germanonlinelessons.net\/rs\/","name":"Nemacki preko skype","description":"casovi online","potentialAction":[{"@type":"SearchAction","target":{"@type":"EntryPoint","urlTemplate":"https:\/\/germanonlinelessons.net\/rs\/?s={search_term_string}"},"query-input":"required name=search_term_string"}],"inLanguage":"sr-RS"}]}},"_links":{"self":[{"href":"https:\/\/germanonlinelessons.net\/rs\/wp-json\/wp\/v2\/pages\/2"}],"collection":[{"href":"https:\/\/germanonlinelessons.net\/rs\/wp-json\/wp\/v2\/pages"}],"about":[{"href":"https:\/\/germanonlinelessons.net\/rs\/wp-json\/wp\/v2\/types\/page"}],"author":[{"embeddable":true,"href":"https:\/\/germanonlinelessons.net\/rs\/wp-json\/wp\/v2\/users\/1"}],"replies":[{"embeddable":true,"href":"https:\/\/germanonlinelessons.net\/rs\/wp-json\/wp\/v2\/comments?post=2"}],"version-history":[{"count":15,"href":"https:\/\/germanonlinelessons.net\/rs\/wp-json\/wp\/v2\/pages\/2\/revisions"}],"predecessor-version":[{"id":269,"href":"https:\/\/germanonlinelessons.net\/rs\/wp-json\/wp\/v2\/pages\/2\/revisions\/269"}],"wp:attachment":[{"href":"https:\/\/germanonlinelessons.net\/rs\/wp-json\/wp\/v2\/media?parent=2"}],"curies":[{"name":"wp","href":"https:\/\/api.w.org\/{rel}","templated":true}]}}