{"id":21,"date":"2017-11-15T20:37:09","date_gmt":"2017-11-15T19:37:09","guid":{"rendered":"http:\/\/germanonlinelessons.net\/?page_id=21"},"modified":"2019-07-16T23:10:40","modified_gmt":"2019-07-16T21:10:40","slug":"zakazite-besplatni-probni-cas","status":"publish","type":"page","link":"https:\/\/germanonlinelessons.net\/rs\/zakazite-besplatni-probni-cas\/","title":{"rendered":"Besplatni probni \u010das"},"content":{"rendered":"<p><img loading=\"lazy\" decoding=\"async\" class=\" wp-image-22 alignleft\" src=\"http:\/\/germanonlinelessons.net\/wp-content\/uploads\/2017\/11\/oc-images.jpg\" alt=\"\" width=\"310\" height=\"206\" \/><\/p>\n<p>Da bi zakazali besplatan probni \u010das mo\u017eete nas kontaktirati putem kontakt forme ili e-maila.<\/p>\n<p>Popunite formular ispod i mi \u0107emo Vas obavestiti u roku od 24h o terminu probnog \u010dasa.<\/p>\n<h3 style=\"text-align: center;\">\u010casovi nema\u010dkog<\/h3>\n<p style=\"text-align: center;\">Po\u0161aljite zahtev na email\u00a0nemackiprekoskajpa@gmail.com za 40 minuta besplatnog probnog \u010dasa.<\/p>\n","protected":false},"excerpt":{"rendered":"<p>Da bi zakazali besplatan probni \u010das mo\u017eete nas kontaktirati putem kontakt forme ili e-maila. Popunite formular ispod i mi \u0107emo Vas obavestiti u roku od 24h o terminu probnog \u010dasa. \u010casovi nema\u010dkog Po\u0161aljite zahtev na email\u00a0nemackiprekoskajpa@gmail.com za 40 minuta besplatnog probnog \u010dasa.<\/p>\n","protected":false},"author":1,"featured_media":0,"parent":0,"menu_order":0,"comment_status":"closed","ping_status":"closed","template":"","meta":{"footnotes":""},"yoast_head":"<!-- This site is optimized with the Yoast SEO plugin v22.2 - https:\/\/yoast.com\/wordpress\/plugins\/seo\/ -->\n<title>Besplatni probni \u010das - Nemacki preko skype<\/title>\n<meta name=\"robots\" content=\"index, follow, max-snippet:-1, max-image-preview:large, max-video-preview:-1\" \/>\n<link rel=\"canonical\" href=\"https:\/\/germanonlinelessons.net\/rs\/zakazite-besplatni-probni-cas\/\" \/>\n<meta property=\"og:locale\" content=\"sr_RS\" \/>\n<meta property=\"og:type\" content=\"article\" \/>\n<meta property=\"og:title\" content=\"Besplatni probni \u010das - Nemacki preko skype\" \/>\n<meta property=\"og:description\" content=\"Da bi zakazali besplatan probni \u010das mo\u017eete nas kontaktirati putem kontakt forme ili e-maila. Popunite formular ispod i mi \u0107emo Vas obavestiti u roku od 24h o terminu probnog \u010dasa. \u010casovi nema\u010dkog Po\u0161aljite zahtev na email\u00a0nemackiprekoskajpa@gmail.com za 40 minuta besplatnog probnog \u010dasa.\" \/>\n<meta property=\"og:url\" content=\"https:\/\/germanonlinelessons.net\/rs\/zakazite-besplatni-probni-cas\/\" \/>\n<meta property=\"og:site_name\" content=\"Nemacki preko skype\" \/>\n<meta property=\"article:modified_time\" content=\"2019-07-16T21:10:40+00:00\" \/>\n<meta property=\"og:image\" content=\"http:\/\/germanonlinelessons.net\/wp-content\/uploads\/2017\/11\/oc-images.jpg\" \/>\n<meta name=\"twitter:card\" content=\"summary_large_image\" \/>\n<script type=\"application\/ld+json\" class=\"yoast-schema-graph\">{\"@context\":\"https:\/\/schema.org\",\"@graph\":[{\"@type\":\"WebPage\",\"@id\":\"https:\/\/germanonlinelessons.net\/rs\/zakazite-besplatni-probni-cas\/\",\"url\":\"https:\/\/germanonlinelessons.net\/rs\/zakazite-besplatni-probni-cas\/\",\"name\":\"Besplatni probni \u010das - Nemacki preko skype\",\"isPartOf\":{\"@id\":\"https:\/\/germanonlinelessons.net\/rs\/#website\"},\"primaryImageOfPage\":{\"@id\":\"https:\/\/germanonlinelessons.net\/rs\/zakazite-besplatni-probni-cas\/#primaryimage\"},\"image\":{\"@id\":\"https:\/\/germanonlinelessons.net\/rs\/zakazite-besplatni-probni-cas\/#primaryimage\"},\"thumbnailUrl\":\"http:\/\/germanonlinelessons.net\/wp-content\/uploads\/2017\/11\/oc-images.jpg\",\"datePublished\":\"2017-11-15T19:37:09+00:00\",\"dateModified\":\"2019-07-16T21:10:40+00:00\",\"breadcrumb\":{\"@id\":\"https:\/\/germanonlinelessons.net\/rs\/zakazite-besplatni-probni-cas\/#breadcrumb\"},\"inLanguage\":\"sr-RS\",\"potentialAction\":[{\"@type\":\"ReadAction\",\"target\":[\"https:\/\/germanonlinelessons.net\/rs\/zakazite-besplatni-probni-cas\/\"]}]},{\"@type\":\"ImageObject\",\"inLanguage\":\"sr-RS\",\"@id\":\"https:\/\/germanonlinelessons.net\/rs\/zakazite-besplatni-probni-cas\/#primaryimage\",\"url\":\"http:\/\/germanonlinelessons.net\/wp-content\/uploads\/2017\/11\/oc-images.jpg\",\"contentUrl\":\"http:\/\/germanonlinelessons.net\/wp-content\/uploads\/2017\/11\/oc-images.jpg\"},{\"@type\":\"BreadcrumbList\",\"@id\":\"https:\/\/germanonlinelessons.net\/rs\/zakazite-besplatni-probni-cas\/#breadcrumb\",\"itemListElement\":[{\"@type\":\"ListItem\",\"position\":1,\"name\":\"Home\",\"item\":\"https:\/\/germanonlinelessons.net\/rs\/\"},{\"@type\":\"ListItem\",\"position\":2,\"name\":\"Besplatni probni \u010das\"}]},{\"@type\":\"WebSite\",\"@id\":\"https:\/\/germanonlinelessons.net\/rs\/#website\",\"url\":\"https:\/\/germanonlinelessons.net\/rs\/\",\"name\":\"Nemacki preko skype\",\"description\":\"casovi online\",\"potentialAction\":[{\"@type\":\"SearchAction\",\"target\":{\"@type\":\"EntryPoint\",\"urlTemplate\":\"https:\/\/germanonlinelessons.net\/rs\/?s={search_term_string}\"},\"query-input\":\"required name=search_term_string\"}],\"inLanguage\":\"sr-RS\"}]}<\/script>\n<!-- \/ Yoast SEO plugin. -->","yoast_head_json":{"title":"Besplatni probni \u010das - Nemacki preko skype","robots":{"index":"index","follow":"follow","max-snippet":"max-snippet:-1","max-image-preview":"max-image-preview:large","max-video-preview":"max-video-preview:-1"},"canonical":"https:\/\/germanonlinelessons.net\/rs\/zakazite-besplatni-probni-cas\/","og_locale":"sr_RS","og_type":"article","og_title":"Besplatni probni \u010das - Nemacki preko skype","og_description":"Da bi zakazali besplatan probni \u010das mo\u017eete nas kontaktirati putem kontakt forme ili e-maila. Popunite formular ispod i mi \u0107emo Vas obavestiti u roku od 24h o terminu probnog \u010dasa. \u010casovi nema\u010dkog Po\u0161aljite zahtev na email\u00a0nemackiprekoskajpa@gmail.com za 40 minuta besplatnog probnog \u010dasa.","og_url":"https:\/\/germanonlinelessons.net\/rs\/zakazite-besplatni-probni-cas\/","og_site_name":"Nemacki preko skype","article_modified_time":"2019-07-16T21:10:40+00:00","og_image":[{"url":"http:\/\/germanonlinelessons.net\/wp-content\/uploads\/2017\/11\/oc-images.jpg"}],"twitter_card":"summary_large_image","schema":{"@context":"https:\/\/schema.org","@graph":[{"@type":"WebPage","@id":"https:\/\/germanonlinelessons.net\/rs\/zakazite-besplatni-probni-cas\/","url":"https:\/\/germanonlinelessons.net\/rs\/zakazite-besplatni-probni-cas\/","name":"Besplatni probni \u010das - Nemacki preko skype","isPartOf":{"@id":"https:\/\/germanonlinelessons.net\/rs\/#website"},"primaryImageOfPage":{"@id":"https:\/\/germanonlinelessons.net\/rs\/zakazite-besplatni-probni-cas\/#primaryimage"},"image":{"@id":"https:\/\/germanonlinelessons.net\/rs\/zakazite-besplatni-probni-cas\/#primaryimage"},"thumbnailUrl":"http:\/\/germanonlinelessons.net\/wp-content\/uploads\/2017\/11\/oc-images.jpg","datePublished":"2017-11-15T19:37:09+00:00","dateModified":"2019-07-16T21:10:40+00:00","breadcrumb":{"@id":"https:\/\/germanonlinelessons.net\/rs\/zakazite-besplatni-probni-cas\/#breadcrumb"},"inLanguage":"sr-RS","potentialAction":[{"@type":"ReadAction","target":["https:\/\/germanonlinelessons.net\/rs\/zakazite-besplatni-probni-cas\/"]}]},{"@type":"ImageObject","inLanguage":"sr-RS","@id":"https:\/\/germanonlinelessons.net\/rs\/zakazite-besplatni-probni-cas\/#primaryimage","url":"http:\/\/germanonlinelessons.net\/wp-content\/uploads\/2017\/11\/oc-images.jpg","contentUrl":"http:\/\/germanonlinelessons.net\/wp-content\/uploads\/2017\/11\/oc-images.jpg"},{"@type":"BreadcrumbList","@id":"https:\/\/germanonlinelessons.net\/rs\/zakazite-besplatni-probni-cas\/#breadcrumb","itemListElement":[{"@type":"ListItem","position":1,"name":"Home","item":"https:\/\/germanonlinelessons.net\/rs\/"},{"@type":"ListItem","position":2,"name":"Besplatni probni \u010das"}]},{"@type":"WebSite","@id":"https:\/\/germanonlinelessons.net\/rs\/#website","url":"https:\/\/germanonlinelessons.net\/rs\/","name":"Nemacki preko skype","description":"casovi online","potentialAction":[{"@type":"SearchAction","target":{"@type":"EntryPoint","urlTemplate":"https:\/\/germanonlinelessons.net\/rs\/?s={search_term_string}"},"query-input":"required name=search_term_string"}],"inLanguage":"sr-RS"}]}},"_links":{"self":[{"href":"https:\/\/germanonlinelessons.net\/rs\/wp-json\/wp\/v2\/pages\/21"}],"collection":[{"href":"https:\/\/germanonlinelessons.net\/rs\/wp-json\/wp\/v2\/pages"}],"about":[{"href":"https:\/\/germanonlinelessons.net\/rs\/wp-json\/wp\/v2\/types\/page"}],"author":[{"embeddable":true,"href":"https:\/\/germanonlinelessons.net\/rs\/wp-json\/wp\/v2\/users\/1"}],"replies":[{"embeddable":true,"href":"https:\/\/germanonlinelessons.net\/rs\/wp-json\/wp\/v2\/comments?post=21"}],"version-history":[{"count":21,"href":"https:\/\/germanonlinelessons.net\/rs\/wp-json\/wp\/v2\/pages\/21\/revisions"}],"predecessor-version":[{"id":248,"href":"https:\/\/germanonlinelessons.net\/rs\/wp-json\/wp\/v2\/pages\/21\/revisions\/248"}],"wp:attachment":[{"href":"https:\/\/germanonlinelessons.net\/rs\/wp-json\/wp\/v2\/media?parent=21"}],"curies":[{"name":"wp","href":"https:\/\/api.w.org\/{rel}","templated":true}]}}