{"id":99,"date":"2017-11-25T16:53:38","date_gmt":"2017-11-25T15:53:38","guid":{"rendered":"http:\/\/germanonlinelessons.net\/?page_id=99"},"modified":"2019-07-10T21:15:42","modified_gmt":"2019-07-10T19:15:42","slug":"postanite-nastavnik","status":"publish","type":"page","link":"https:\/\/germanonlinelessons.net\/rs\/postanite-nastavnik\/","title":{"rendered":"Postanite nastavnik"},"content":{"rendered":"<h3 style=\"text-align: justify;\"><strong><img loading=\"lazy\" decoding=\"async\" class=\" wp-image-65 alignleft\" src=\"http:\/\/germanonlinelessons.net\/wp-content\/uploads\/2017\/11\/6582dfcdbedc6f0034cb03b6ae2dbd0c-300x300.jpg\" alt=\"\" width=\"167\" height=\"167\" srcset=\"https:\/\/germanonlinelessons.net\/rs\/wp-content\/uploads\/2017\/11\/6582dfcdbedc6f0034cb03b6ae2dbd0c-300x300.jpg 300w, https:\/\/germanonlinelessons.net\/rs\/wp-content\/uploads\/2017\/11\/6582dfcdbedc6f0034cb03b6ae2dbd0c-150x150.jpg 150w, https:\/\/germanonlinelessons.net\/rs\/wp-content\/uploads\/2017\/11\/6582dfcdbedc6f0034cb03b6ae2dbd0c-768x768.jpg 768w, https:\/\/germanonlinelessons.net\/rs\/wp-content\/uploads\/2017\/11\/6582dfcdbedc6f0034cb03b6ae2dbd0c-1024x1024.jpg 1024w, https:\/\/germanonlinelessons.net\/rs\/wp-content\/uploads\/2017\/11\/6582dfcdbedc6f0034cb03b6ae2dbd0c-103x103.jpg 103w, https:\/\/germanonlinelessons.net\/rs\/wp-content\/uploads\/2017\/11\/6582dfcdbedc6f0034cb03b6ae2dbd0c-100x100.jpg 100w, https:\/\/germanonlinelessons.net\/rs\/wp-content\/uploads\/2017\/11\/6582dfcdbedc6f0034cb03b6ae2dbd0c-385x385.jpg 385w, https:\/\/germanonlinelessons.net\/rs\/wp-content\/uploads\/2017\/11\/6582dfcdbedc6f0034cb03b6ae2dbd0c-204x204.jpg 204w, https:\/\/germanonlinelessons.net\/rs\/wp-content\/uploads\/2017\/11\/6582dfcdbedc6f0034cb03b6ae2dbd0c.jpg 1280w\" sizes=\"(max-width: 167px) 100vw, 167px\" \/>Nema\u010dki online<\/strong><\/h3>\n<p style=\"text-align: justify;\">Za sve nastavnike koji \u017eele da se prijave za rad u na\u0161oj online \u0161koli. Mo\u017eete nam pisati na e-mail adresu i poslati CV sa propratnim pismom ili nas kontaktirati putem kontakt forme.<\/p>\n<h3><strong>\u0160ta tra\u017eimo?<\/strong><\/h3>\n<ul>\n<li>Kvalifikovani ste nastavnik<\/li>\n<li>Volite jezik i ide vam predavanje<\/li>\n<li>Volite da radite sa internacionalnim u\u010denicima<\/li>\n<li>Sa lako\u0107om govorite engleski<\/li>\n<\/ul>\n<h3><strong>\u0160ta nudimo?<\/strong><\/h3>\n<ul>\n<li>Fleksibilno radno vreme &#8211; mogu\u0107nost rada u okviru 24\/7<\/li>\n<li>Promenljiv broj radnih sati u toku nedelje<\/li>\n<li>Priprema za nastavu \u2013 materijali<\/li>\n<li>Udobnost radnog mesta iz ku\u0107e &#8211; sa vrlo dobrom internet konekcijom<\/li>\n<li>Mogu\u0107nost upoznavanja studenata \u0161irom sveta<\/li>\n<li>Freelance &#8211; honorarno bez dugoro\u010dnog ugovora<\/li>\n<li>Automatska naplata &#8211; nema papirologije<\/li>\n<\/ul>\n<p>&nbsp;<\/p>\n<h3><strong>Konkuri\u0161ite<\/strong><\/h3>\n<p>nemackiprekoskajpa@gmail.com<\/p>\n","protected":false},"excerpt":{"rendered":"<p>Nema\u010dki online Za sve nastavnike koji \u017eele da se prijave za rad u na\u0161oj online \u0161koli. Mo\u017eete nam pisati na e-mail adresu i poslati CV sa propratnim pismom ili nas kontaktirati putem kontakt forme. \u0160ta tra\u017eimo? Kvalifikovani ste nastavnik Volite jezik i ide vam predavanje Volite da radite sa internacionalnim u\u010denicima Sa lako\u0107om govorite engleski [&hellip;]<\/p>\n","protected":false},"author":1,"featured_media":0,"parent":0,"menu_order":0,"comment_status":"closed","ping_status":"closed","template":"","meta":{"footnotes":""},"yoast_head":"<!-- This site is optimized with the Yoast SEO plugin v22.2 - https:\/\/yoast.com\/wordpress\/plugins\/seo\/ -->\n<title>Postanite nastavnik - Nemacki preko skype<\/title>\n<meta name=\"robots\" content=\"index, follow, max-snippet:-1, max-image-preview:large, max-video-preview:-1\" \/>\n<link rel=\"canonical\" href=\"https:\/\/germanonlinelessons.net\/rs\/postanite-nastavnik\/\" \/>\n<meta property=\"og:locale\" content=\"sr_RS\" \/>\n<meta property=\"og:type\" content=\"article\" \/>\n<meta property=\"og:title\" content=\"Postanite nastavnik - Nemacki preko skype\" \/>\n<meta property=\"og:description\" content=\"Nema\u010dki online Za sve nastavnike koji \u017eele da se prijave za rad u na\u0161oj online \u0161koli. Mo\u017eete nam pisati na e-mail adresu i poslati CV sa propratnim pismom ili nas kontaktirati putem kontakt forme. \u0160ta tra\u017eimo? Kvalifikovani ste nastavnik Volite jezik i ide vam predavanje Volite da radite sa internacionalnim u\u010denicima Sa lako\u0107om govorite engleski [&hellip;]\" \/>\n<meta property=\"og:url\" content=\"https:\/\/germanonlinelessons.net\/rs\/postanite-nastavnik\/\" \/>\n<meta property=\"og:site_name\" content=\"Nemacki preko skype\" \/>\n<meta property=\"article:modified_time\" content=\"2019-07-10T19:15:42+00:00\" \/>\n<meta property=\"og:image\" content=\"http:\/\/germanonlinelessons.net\/wp-content\/uploads\/2017\/11\/6582dfcdbedc6f0034cb03b6ae2dbd0c-300x300.jpg\" \/>\n<meta name=\"twitter:card\" content=\"summary_large_image\" \/>\n<meta name=\"twitter:label1\" content=\"Procenjeno vreme \u010ditanja\" \/>\n\t<meta name=\"twitter:data1\" content=\"1 minut\" \/>\n<script type=\"application\/ld+json\" class=\"yoast-schema-graph\">{\"@context\":\"https:\/\/schema.org\",\"@graph\":[{\"@type\":\"WebPage\",\"@id\":\"https:\/\/germanonlinelessons.net\/rs\/postanite-nastavnik\/\",\"url\":\"https:\/\/germanonlinelessons.net\/rs\/postanite-nastavnik\/\",\"name\":\"Postanite nastavnik - Nemacki preko skype\",\"isPartOf\":{\"@id\":\"https:\/\/germanonlinelessons.net\/rs\/#website\"},\"primaryImageOfPage\":{\"@id\":\"https:\/\/germanonlinelessons.net\/rs\/postanite-nastavnik\/#primaryimage\"},\"image\":{\"@id\":\"https:\/\/germanonlinelessons.net\/rs\/postanite-nastavnik\/#primaryimage\"},\"thumbnailUrl\":\"http:\/\/germanonlinelessons.net\/wp-content\/uploads\/2017\/11\/6582dfcdbedc6f0034cb03b6ae2dbd0c-300x300.jpg\",\"datePublished\":\"2017-11-25T15:53:38+00:00\",\"dateModified\":\"2019-07-10T19:15:42+00:00\",\"breadcrumb\":{\"@id\":\"https:\/\/germanonlinelessons.net\/rs\/postanite-nastavnik\/#breadcrumb\"},\"inLanguage\":\"sr-RS\",\"potentialAction\":[{\"@type\":\"ReadAction\",\"target\":[\"https:\/\/germanonlinelessons.net\/rs\/postanite-nastavnik\/\"]}]},{\"@type\":\"ImageObject\",\"inLanguage\":\"sr-RS\",\"@id\":\"https:\/\/germanonlinelessons.net\/rs\/postanite-nastavnik\/#primaryimage\",\"url\":\"http:\/\/germanonlinelessons.net\/wp-content\/uploads\/2017\/11\/6582dfcdbedc6f0034cb03b6ae2dbd0c-300x300.jpg\",\"contentUrl\":\"http:\/\/germanonlinelessons.net\/wp-content\/uploads\/2017\/11\/6582dfcdbedc6f0034cb03b6ae2dbd0c-300x300.jpg\"},{\"@type\":\"BreadcrumbList\",\"@id\":\"https:\/\/germanonlinelessons.net\/rs\/postanite-nastavnik\/#breadcrumb\",\"itemListElement\":[{\"@type\":\"ListItem\",\"position\":1,\"name\":\"Home\",\"item\":\"https:\/\/germanonlinelessons.net\/rs\/\"},{\"@type\":\"ListItem\",\"position\":2,\"name\":\"Postanite nastavnik\"}]},{\"@type\":\"WebSite\",\"@id\":\"https:\/\/germanonlinelessons.net\/rs\/#website\",\"url\":\"https:\/\/germanonlinelessons.net\/rs\/\",\"name\":\"Nemacki preko skype\",\"description\":\"casovi online\",\"potentialAction\":[{\"@type\":\"SearchAction\",\"target\":{\"@type\":\"EntryPoint\",\"urlTemplate\":\"https:\/\/germanonlinelessons.net\/rs\/?s={search_term_string}\"},\"query-input\":\"required name=search_term_string\"}],\"inLanguage\":\"sr-RS\"}]}<\/script>\n<!-- \/ Yoast SEO plugin. -->","yoast_head_json":{"title":"Postanite nastavnik - Nemacki preko skype","robots":{"index":"index","follow":"follow","max-snippet":"max-snippet:-1","max-image-preview":"max-image-preview:large","max-video-preview":"max-video-preview:-1"},"canonical":"https:\/\/germanonlinelessons.net\/rs\/postanite-nastavnik\/","og_locale":"sr_RS","og_type":"article","og_title":"Postanite nastavnik - Nemacki preko skype","og_description":"Nema\u010dki online Za sve nastavnike koji \u017eele da se prijave za rad u na\u0161oj online \u0161koli. Mo\u017eete nam pisati na e-mail adresu i poslati CV sa propratnim pismom ili nas kontaktirati putem kontakt forme. \u0160ta tra\u017eimo? Kvalifikovani ste nastavnik Volite jezik i ide vam predavanje Volite da radite sa internacionalnim u\u010denicima Sa lako\u0107om govorite engleski [&hellip;]","og_url":"https:\/\/germanonlinelessons.net\/rs\/postanite-nastavnik\/","og_site_name":"Nemacki preko skype","article_modified_time":"2019-07-10T19:15:42+00:00","og_image":[{"url":"http:\/\/germanonlinelessons.net\/wp-content\/uploads\/2017\/11\/6582dfcdbedc6f0034cb03b6ae2dbd0c-300x300.jpg"}],"twitter_card":"summary_large_image","twitter_misc":{"Procenjeno vreme \u010ditanja":"1 minut"},"schema":{"@context":"https:\/\/schema.org","@graph":[{"@type":"WebPage","@id":"https:\/\/germanonlinelessons.net\/rs\/postanite-nastavnik\/","url":"https:\/\/germanonlinelessons.net\/rs\/postanite-nastavnik\/","name":"Postanite nastavnik - Nemacki preko skype","isPartOf":{"@id":"https:\/\/germanonlinelessons.net\/rs\/#website"},"primaryImageOfPage":{"@id":"https:\/\/germanonlinelessons.net\/rs\/postanite-nastavnik\/#primaryimage"},"image":{"@id":"https:\/\/germanonlinelessons.net\/rs\/postanite-nastavnik\/#primaryimage"},"thumbnailUrl":"http:\/\/germanonlinelessons.net\/wp-content\/uploads\/2017\/11\/6582dfcdbedc6f0034cb03b6ae2dbd0c-300x300.jpg","datePublished":"2017-11-25T15:53:38+00:00","dateModified":"2019-07-10T19:15:42+00:00","breadcrumb":{"@id":"https:\/\/germanonlinelessons.net\/rs\/postanite-nastavnik\/#breadcrumb"},"inLanguage":"sr-RS","potentialAction":[{"@type":"ReadAction","target":["https:\/\/germanonlinelessons.net\/rs\/postanite-nastavnik\/"]}]},{"@type":"ImageObject","inLanguage":"sr-RS","@id":"https:\/\/germanonlinelessons.net\/rs\/postanite-nastavnik\/#primaryimage","url":"http:\/\/germanonlinelessons.net\/wp-content\/uploads\/2017\/11\/6582dfcdbedc6f0034cb03b6ae2dbd0c-300x300.jpg","contentUrl":"http:\/\/germanonlinelessons.net\/wp-content\/uploads\/2017\/11\/6582dfcdbedc6f0034cb03b6ae2dbd0c-300x300.jpg"},{"@type":"BreadcrumbList","@id":"https:\/\/germanonlinelessons.net\/rs\/postanite-nastavnik\/#breadcrumb","itemListElement":[{"@type":"ListItem","position":1,"name":"Home","item":"https:\/\/germanonlinelessons.net\/rs\/"},{"@type":"ListItem","position":2,"name":"Postanite nastavnik"}]},{"@type":"WebSite","@id":"https:\/\/germanonlinelessons.net\/rs\/#website","url":"https:\/\/germanonlinelessons.net\/rs\/","name":"Nemacki preko skype","description":"casovi online","potentialAction":[{"@type":"SearchAction","target":{"@type":"EntryPoint","urlTemplate":"https:\/\/germanonlinelessons.net\/rs\/?s={search_term_string}"},"query-input":"required name=search_term_string"}],"inLanguage":"sr-RS"}]}},"_links":{"self":[{"href":"https:\/\/germanonlinelessons.net\/rs\/wp-json\/wp\/v2\/pages\/99"}],"collection":[{"href":"https:\/\/germanonlinelessons.net\/rs\/wp-json\/wp\/v2\/pages"}],"about":[{"href":"https:\/\/germanonlinelessons.net\/rs\/wp-json\/wp\/v2\/types\/page"}],"author":[{"embeddable":true,"href":"https:\/\/germanonlinelessons.net\/rs\/wp-json\/wp\/v2\/users\/1"}],"replies":[{"embeddable":true,"href":"https:\/\/germanonlinelessons.net\/rs\/wp-json\/wp\/v2\/comments?post=99"}],"version-history":[{"count":11,"href":"https:\/\/germanonlinelessons.net\/rs\/wp-json\/wp\/v2\/pages\/99\/revisions"}],"predecessor-version":[{"id":236,"href":"https:\/\/germanonlinelessons.net\/rs\/wp-json\/wp\/v2\/pages\/99\/revisions\/236"}],"wp:attachment":[{"href":"https:\/\/germanonlinelessons.net\/rs\/wp-json\/wp\/v2\/media?parent=99"}],"curies":[{"name":"wp","href":"https:\/\/api.w.org\/{rel}","templated":true}]}}